{"id":1163,"date":"2025-02-23T09:39:20","date_gmt":"2025-02-23T08:39:20","guid":{"rendered":"http:\/\/villamadeleine-piana.corsica\/?page_id=1163"},"modified":"2025-03-16T15:21:35","modified_gmt":"2025-03-16T14:21:35","slug":"decoration-interieure-exterieure","status":"publish","type":"page","link":"https:\/\/cardiccia-piana.corsica\/index.php\/decoration-interieure-exterieure\/","title":{"rendered":"DECORATION INTERIEURE &amp; EXTERIEURE:"},"content":{"rendered":"\n<p class=\"has-text-align-center\">Pour tout renseignement, contacter<strong> Isabelle : 06 34 42 78 20<\/strong><\/p>\n\n\n\n<p><strong>D\u00e9couvrez nos r\u00e9alisations, inspirations et tendances au fil de cette page:<\/strong><\/p>\n\n\n\n<p class=\"has-text-align-center\"><strong>Inspiration \u00ab\u00a0zen\u00a0\u00bb:<\/strong><\/p>\n\n\n\n<figure class=\"wp-block-image size-large\"><img loading=\"lazy\" decoding=\"async\" width=\"1024\" height=\"590\" src=\"http:\/\/villamadeleine-piana.corsica\/wp-content\/uploads\/2025\/02\/Zen-panoramique-1024x590.jpg\" alt=\"\" class=\"wp-image-1164\" srcset=\"https:\/\/cardiccia-piana.corsica\/wp-content\/uploads\/2025\/02\/Zen-panoramique-1024x590.jpg 1024w, https:\/\/cardiccia-piana.corsica\/wp-content\/uploads\/2025\/02\/Zen-panoramique-300x173.jpg 300w, https:\/\/cardiccia-piana.corsica\/wp-content\/uploads\/2025\/02\/Zen-panoramique-768x442.jpg 768w, https:\/\/cardiccia-piana.corsica\/wp-content\/uploads\/2025\/02\/Zen-panoramique.jpg 1432w\" sizes=\"(max-width: 706px) 89vw, (max-width: 767px) 82vw, 740px\" \/><\/figure>\n\n\n\n<p>Le papier peint panoramique transforme votre ambiance int\u00e9rieure, installe un d\u00e9cor en trompe l\u2019\u0153il, cr\u00e9e l\u2019illusion. Il ouvre des perspectives et agrandit visuellement les espaces pour un effet bluffant.<br>Il ne tient qu\u2019\u00e0 vous de cr\u00e9er votre propre univers et de voyager \u00e0 travers votre d\u00e9coration<\/p>\n\n\n\n<p class=\"has-text-align-center\"><strong>Ambiance \u00ab\u00a0naturelle\u00a0\u00bb:<\/strong><\/p>\n\n\n\n<figure class=\"wp-block-image size-large\"><img loading=\"lazy\" decoding=\"async\" width=\"1024\" height=\"593\" src=\"http:\/\/villamadeleine-piana.corsica\/wp-content\/uploads\/2025\/02\/Naturelle_page-0001-1024x593.jpg\" alt=\"\" class=\"wp-image-1172\" srcset=\"https:\/\/cardiccia-piana.corsica\/wp-content\/uploads\/2025\/02\/Naturelle_page-0001-1024x593.jpg 1024w, https:\/\/cardiccia-piana.corsica\/wp-content\/uploads\/2025\/02\/Naturelle_page-0001-300x174.jpg 300w, https:\/\/cardiccia-piana.corsica\/wp-content\/uploads\/2025\/02\/Naturelle_page-0001-768x445.jpg 768w, https:\/\/cardiccia-piana.corsica\/wp-content\/uploads\/2025\/02\/Naturelle_page-0001.jpg 1448w\" sizes=\"(max-width: 706px) 89vw, (max-width: 767px) 82vw, 740px\" \/><\/figure>\n\n\n\n<p>Elle repose Sur une d\u00e9coration avec des mat\u00e9riaux naturels, organiques et durables (coton, lin, rotin, osier&#8230;). La palette de couleurs s&rsquo;inspire de teintes douces et apaisantes telles que le beige, l&rsquo;\u00e9cru, le blanc. Elle cr\u00e9e une atmosph\u00e8re apaisante, calme, paisible loin de l&rsquo;agitation de la vie quotidienne.<\/p>\n\n\n\n<p class=\"has-text-align-center\"><strong>Inspiration japonisante au pays du soleil levant &#8230;<\/strong><\/p>\n\n\n\n<figure class=\"wp-block-image size-large\"><img loading=\"lazy\" decoding=\"async\" width=\"1024\" height=\"602\" src=\"http:\/\/villamadeleine-piana.corsica\/wp-content\/uploads\/2025\/02\/japon_page-0001-1024x602.jpg\" alt=\"\" class=\"wp-image-1175\" srcset=\"https:\/\/cardiccia-piana.corsica\/wp-content\/uploads\/2025\/02\/japon_page-0001-1024x602.jpg 1024w, https:\/\/cardiccia-piana.corsica\/wp-content\/uploads\/2025\/02\/japon_page-0001-300x176.jpg 300w, https:\/\/cardiccia-piana.corsica\/wp-content\/uploads\/2025\/02\/japon_page-0001-768x451.jpg 768w, https:\/\/cardiccia-piana.corsica\/wp-content\/uploads\/2025\/02\/japon_page-0001.jpg 1441w\" sizes=\"(max-width: 706px) 89vw, (max-width: 767px) 82vw, 740px\" \/><\/figure>\n\n\n\n<p class=\"has-text-align-center\"><strong>Terracotta signifie \u00ab\u00a0terre cuite\u00a0\u00bb en italien, <\/strong>une teinte terreuse mais synonyme d&rsquo;\u00e9vasion&#8230;<\/p>\n\n\n\n<figure class=\"wp-block-image size-large\"><img loading=\"lazy\" decoding=\"async\" width=\"1024\" height=\"604\" src=\"http:\/\/villamadeleine-piana.corsica\/wp-content\/uploads\/2025\/02\/Terra-Cotta_page-0001-1024x604.jpg\" alt=\"\" class=\"wp-image-1176\" srcset=\"https:\/\/cardiccia-piana.corsica\/wp-content\/uploads\/2025\/02\/Terra-Cotta_page-0001-1024x604.jpg 1024w, https:\/\/cardiccia-piana.corsica\/wp-content\/uploads\/2025\/02\/Terra-Cotta_page-0001-300x177.jpg 300w, https:\/\/cardiccia-piana.corsica\/wp-content\/uploads\/2025\/02\/Terra-Cotta_page-0001-768x453.jpg 768w, https:\/\/cardiccia-piana.corsica\/wp-content\/uploads\/2025\/02\/Terra-Cotta_page-0001.jpg 1449w\" sizes=\"(max-width: 706px) 89vw, (max-width: 767px) 82vw, 740px\" \/><\/figure>\n\n\n\n<p>Teinte terreuse par excellence, la couleur terracotta est un must-have d\u00e9co depuis plusieurs saisons. De mati\u00e8re organique, elle rappelle la terre du sud et donne une impression d&rsquo;\u00e9vasion. elle se d\u00e9cline en plusieurs tonalit\u00e9s, allant jusqu&rsquo;aux fronti\u00e8res du rouille. La couleur terracotta s&rsquo;invite dans chaque pi\u00e8ce de votre habitation.<\/p>\n\n\n\n<p class=\"has-text-align-center\"><strong>Inspiration chambre baroque<\/strong> pour un esprit glamour et romantique..<\/p>\n\n\n\n<figure class=\"wp-block-image size-large\"><img loading=\"lazy\" decoding=\"async\" width=\"1024\" height=\"611\" src=\"http:\/\/villamadeleine-piana.corsica\/wp-content\/uploads\/2025\/02\/Chambre-baroque-1024x611.jpg\" alt=\"\" class=\"wp-image-1177\" srcset=\"https:\/\/cardiccia-piana.corsica\/wp-content\/uploads\/2025\/02\/Chambre-baroque-1024x611.jpg 1024w, https:\/\/cardiccia-piana.corsica\/wp-content\/uploads\/2025\/02\/Chambre-baroque-300x179.jpg 300w, https:\/\/cardiccia-piana.corsica\/wp-content\/uploads\/2025\/02\/Chambre-baroque-768x458.jpg 768w, https:\/\/cardiccia-piana.corsica\/wp-content\/uploads\/2025\/02\/Chambre-baroque.jpg 1449w\" sizes=\"(max-width: 706px) 89vw, (max-width: 767px) 82vw, 740px\" \/><\/figure>\n\n\n\n<p class=\"has-text-align-center\"><strong>STYLE SPACE AGE<\/strong><\/p>\n\n\n\n<figure class=\"wp-block-image size-full\"><img loading=\"lazy\" decoding=\"async\" width=\"851\" height=\"504\" src=\"http:\/\/villamadeleine-piana.corsica\/wp-content\/uploads\/2025\/03\/485004575_1184069683065218_661280545524653649_n.jpg\" alt=\"\" class=\"wp-image-1194\" srcset=\"https:\/\/cardiccia-piana.corsica\/wp-content\/uploads\/2025\/03\/485004575_1184069683065218_661280545524653649_n.jpg 851w, https:\/\/cardiccia-piana.corsica\/wp-content\/uploads\/2025\/03\/485004575_1184069683065218_661280545524653649_n-300x178.jpg 300w, https:\/\/cardiccia-piana.corsica\/wp-content\/uploads\/2025\/03\/485004575_1184069683065218_661280545524653649_n-768x455.jpg 768w\" sizes=\"(max-width: 706px) 89vw, (max-width: 767px) 82vw, 740px\" \/><\/figure>\n\n\n\n<p>D\u00e9signe une p\u00e9riode de l\u2019histoire qui d\u00e9bute dans les ann\u00e9es1960<\/p>\n\n\n\n<p>L\u2019exploration de l\u2019espace, les progr\u00e8s scientifiques et technologiques, l\u2019influence culturelle .<\/p>\n\n\n\n<p>Ce style se distingue par ses formes organiques, g\u00e9om\u00e9triques, ses mat\u00e9riaux innovants comme le plastique, le m\u00e9tal, le verre ainsi que sa palette de couleurs vices et contrast\u00e9es.<\/p>\n\n\n\n<p>Aujourd\u2019hui le SPACE AGE design, connait un renouveau aupr\u00e8s de c\u00e9l\u00e8bres designers et captivent les amateurs de d\u00e9coration r\u00e9tro futuriste.<\/p>\n\n\n\n<p>Cette tendance continue d\u2019influencer les int\u00e9rieurs contemporains par ses lignes \u00e9pur\u00e9es et son esprit visionnaire.<\/p>\n","protected":false},"excerpt":{"rendered":"<p>Pour tout renseignement, contacter Isabelle : 06 34 42 78 20 D\u00e9couvrez nos r\u00e9alisations, inspirations et tendances au fil de cette page: Inspiration \u00ab\u00a0zen\u00a0\u00bb: Le papier peint panoramique transforme votre ambiance int\u00e9rieure, installe un d\u00e9cor en trompe l\u2019\u0153il, cr\u00e9e l\u2019illusion. Il ouvre des perspectives et agrandit visuellement les espaces pour un effet bluffant.Il ne tient &hellip; <\/p>\n<p class=\"link-more\"><a href=\"https:\/\/cardiccia-piana.corsica\/index.php\/decoration-interieure-exterieure\/\" class=\"more-link\">Continuer la lecture<span class=\"screen-reader-text\"> de &laquo;&nbsp;DECORATION INTERIEURE &amp; EXTERIEURE:&nbsp;&raquo;<\/span><\/a><\/p>\n","protected":false},"author":1,"featured_media":0,"parent":0,"menu_order":0,"comment_status":"closed","ping_status":"closed","template":"","meta":{"footnotes":""},"_links":{"self":[{"href":"https:\/\/cardiccia-piana.corsica\/index.php\/wp-json\/wp\/v2\/pages\/1163"}],"collection":[{"href":"https:\/\/cardiccia-piana.corsica\/index.php\/wp-json\/wp\/v2\/pages"}],"about":[{"href":"https:\/\/cardiccia-piana.corsica\/index.php\/wp-json\/wp\/v2\/types\/page"}],"author":[{"embeddable":true,"href":"https:\/\/cardiccia-piana.corsica\/index.php\/wp-json\/wp\/v2\/users\/1"}],"replies":[{"embeddable":true,"href":"https:\/\/cardiccia-piana.corsica\/index.php\/wp-json\/wp\/v2\/comments?post=1163"}],"version-history":[{"count":7,"href":"https:\/\/cardiccia-piana.corsica\/index.php\/wp-json\/wp\/v2\/pages\/1163\/revisions"}],"predecessor-version":[{"id":1196,"href":"https:\/\/cardiccia-piana.corsica\/index.php\/wp-json\/wp\/v2\/pages\/1163\/revisions\/1196"}],"wp:attachment":[{"href":"https:\/\/cardiccia-piana.corsica\/index.php\/wp-json\/wp\/v2\/media?parent=1163"}],"curies":[{"name":"wp","href":"https:\/\/api.w.org\/{rel}","templated":true}]}}