{"id":288,"date":"2018-09-10T15:22:05","date_gmt":"2018-09-10T13:22:05","guid":{"rendered":"http:\/\/villamadeleine-piana.corsica\/?page_id=288"},"modified":"2025-10-24T15:45:43","modified_gmt":"2025-10-24T13:45:43","slug":"calendrier-des-reservations-saison-2019","status":"publish","type":"page","link":"https:\/\/cardiccia-piana.corsica\/index.php\/calendrier-des-reservations-saison-2019\/","title":{"rendered":"CALENDRIER RESERVATIONS &amp; TARIFS &#8211; CALENDAR &amp; PRICES &#8211; CALENDARIO &amp; PREZZI"},"content":{"rendered":"\n<p><\/p>\n\n\n<p style=\"text-align: center;\">Sous r\u00e9serve de modifications suite aux r\u00e9servations effectu\u00e9es par les autres moteurs de recherche\u00a0 ou r\u00e9servation en direct via ce site.<\/p>\n<p style=\"text-align: center;\">Nous contacter d\u00e8s que possible :<\/p>\n<p style=\"text-align: center;\">Email: <span style=\"color: #0000ff;\"><strong>contact@cardiccia-piana.corsica<\/strong> <\/span>ou GSM &amp; WhatsApp:\u00a0 <strong>+33 609 529 574<\/strong><\/p>\n<p style=\"text-align: center;\"><em>POUR CONSULTER LE CALENDRIER CLIQUER CI DESSOUS:<\/em><\/p>\n<p style=\"text-align: center;\">TO CONSULT RENT CALENDAR, CLICK BELOW:<\/p>\n<p style=\"text-align: center;\">PER CONSULTARE PRENOTAZIONI, CLICCA QUI SOTTO:<\/p>\n<p style=\"text-align: center;\"><strong><a class=\"maxbutton-7 maxbutton\" href=\"https:\/\/calendar.google.com\/calendar\/embed?src=cardicciavillamadeleine%40gmail.com&ctz=Europe%2FParis\"><span class='mb-text'>CALENDRIER RESERVATIONS<\/span><\/a><\/strong><\/p>\n<p><em>NB: Penser \u00e0 r\u00e9server suffisamment en avance pour \u00eatre certains de choisir les dates souhait\u00e9es.<\/em><\/p>\n<p style=\"text-align: center;\"><span style=\"color: #ff0000;\"><strong>\u00a0<\/strong><\/span><\/p>\n\n<a class=\"maxbutton-3 maxbutton\" href=\"http:\/\/villamadeleine-piana.corsica\/index.php\/a-cardiccia-2\/\"><span class='mb-text'>T2 A Cardiccia<\/span><\/a>\n\n<a class=\"maxbutton-2 maxbutton\" href=\"http:\/\/villamadeleine-piana.corsica\/index.php\/a-cardiccia-bungalow\/\"><span class='mb-text'>PAVILLON A Cardiccia<\/span><\/a>\n\n<a class=\"maxbutton-1 maxbutton\" href=\"http:\/\/villamadeleine-piana.corsica\/index.php\/a-cardiccia-3\/\"><span class='mb-text'>T3 A Cardiccia<\/span><\/a>\n\n\n<h1 class=\"wp-block-heading has-text-align-center\">Tarifs<\/h1>\n\n\n\n<p><em><strong>CLIQUER CI DESSOUS POUR CONSULTER LES TARIFS:<\/strong><\/em><\/p>\n\n\n\n<pre class=\"wp-block-preformatted\"><strong>                    CLICK BELOW TO CONSULT THE RATES:<\/strong><\/pre>\n\n\n\n<pre id=\"tw-target-text\" class=\"wp-block-preformatted\"><strong>                 CLICCA SOTTO PER CONSULTARE I PREZZI<\/strong><\/pre>\n\n\n\n<p><strong>Ci-dessous tarif saison  2026: &nbsp;&nbsp;<\/strong><\/p>\n\n\n\n<p class=\"has-text-align-center\"><strong> <a href=\"https:\/\/cardiccia-piana.corsica\/wp-content\/uploads\/2025\/08\/Tarif-saison-2026.pdf\">TARIF SAISON 2026<\/a><\/strong><\/p>\n\n\n\n<p>IMPORTANT: .<\/p>\n\n\n\n<ul>\n<li>La saison d\u00e9marre courant avril au 31 octobre.<\/li>\n\n\n\n<li>Une demande de lit suppl\u00e9mentaire pour un s\u00e9jour de DEUX personnes concernant une de ces deux personnes, sera factur\u00e9e 25\u20ac.<\/li>\n\n\n\n<li><strong>A Compter de&nbsp; la SAISON 2025 : REDUCTION DE 15% SUR LES SEJOURS (hors frais). TARIF NON REMBOURSABLE MAIS SEJOUR MODIFIABLE SANS SUPPLEMENTS.<\/strong><\/li>\n<\/ul>\n\n\n\n<p><em>ITALIANO:<\/em><\/p>\n\n\n\n<ul>\n<li>La richiesta di letto aggiuntivo per un soggiorno di DUE persone riguardante una di queste due persone comporter\u00e0 un addebito di \u20ac 25.<\/li>\n\n\n\n<li><strong>STAGIONE 2025: RIDUZIONE DEL 15% SUL SOGGIORNO (escluse tasse). TARIFFA NON RIMBORSABILE MA IL SOGGIORNO PU\u00d2 ESSERE MODIFICATO SENZA SUPPLEMENTI.<\/strong><\/li>\n<\/ul>\n\n\n\n<p><em>ENGLISH:<\/em><\/p>\n\n\n\n<ul>\n<li>A request for an additional bed for a stay of TWO people concerning one of these two people will be charged \u20ac25.<\/li>\n\n\n\n<li><strong>2025 SEASON: 15% REDUCTION ON STAY (excluding fees). NON-REFUNDABLE RATE BUT STAY CAN BE MODIFIED WITHOUT SUPPLEMENTS.<\/strong><\/li>\n<\/ul>\n\n\n\n<figure class=\"wp-block-gallery has-nested-images columns-default is-cropped wp-block-gallery-1 is-layout-flex wp-block-gallery-is-layout-flex\"><\/figure>\n","protected":false},"excerpt":{"rendered":"<p>Sous r\u00e9serve de modifications suite aux r\u00e9servations effectu\u00e9es par les autres moteurs de recherche\u00a0 ou r\u00e9servation en direct via ce site. Nous contacter d\u00e8s que possible : Email: contact@cardiccia-piana.corsica ou GSM &amp; WhatsApp:\u00a0 +33 609 529 574 POUR CONSULTER LE CALENDRIER CLIQUER CI DESSOUS: TO CONSULT RENT CALENDAR, CLICK BELOW: PER CONSULTARE PRENOTAZIONI, CLICCA QUI &hellip; <\/p>\n<p class=\"link-more\"><a href=\"https:\/\/cardiccia-piana.corsica\/index.php\/calendrier-des-reservations-saison-2019\/\" class=\"more-link\">Continuer la lecture<span class=\"screen-reader-text\"> de &laquo;&nbsp;CALENDRIER RESERVATIONS &amp; TARIFS &#8211; CALENDAR &amp; PRICES &#8211; CALENDARIO &amp; PREZZI&nbsp;&raquo;<\/span><\/a><\/p>\n","protected":false},"author":1,"featured_media":0,"parent":0,"menu_order":7,"comment_status":"closed","ping_status":"closed","template":"","meta":{"footnotes":""},"_links":{"self":[{"href":"https:\/\/cardiccia-piana.corsica\/index.php\/wp-json\/wp\/v2\/pages\/288"}],"collection":[{"href":"https:\/\/cardiccia-piana.corsica\/index.php\/wp-json\/wp\/v2\/pages"}],"about":[{"href":"https:\/\/cardiccia-piana.corsica\/index.php\/wp-json\/wp\/v2\/types\/page"}],"author":[{"embeddable":true,"href":"https:\/\/cardiccia-piana.corsica\/index.php\/wp-json\/wp\/v2\/users\/1"}],"replies":[{"embeddable":true,"href":"https:\/\/cardiccia-piana.corsica\/index.php\/wp-json\/wp\/v2\/comments?post=288"}],"version-history":[{"count":45,"href":"https:\/\/cardiccia-piana.corsica\/index.php\/wp-json\/wp\/v2\/pages\/288\/revisions"}],"predecessor-version":[{"id":1284,"href":"https:\/\/cardiccia-piana.corsica\/index.php\/wp-json\/wp\/v2\/pages\/288\/revisions\/1284"}],"wp:attachment":[{"href":"https:\/\/cardiccia-piana.corsica\/index.php\/wp-json\/wp\/v2\/media?parent=288"}],"curies":[{"name":"wp","href":"https:\/\/api.w.org\/{rel}","templated":true}]}}