{"id":34,"date":"2018-02-27T10:57:02","date_gmt":"2018-02-27T09:57:02","guid":{"rendered":"http:\/\/villamadeleine-piana.corsica\/?page_id=34"},"modified":"2026-04-15T14:24:13","modified_gmt":"2026-04-15T12:24:13","slug":"comment-nous-trouver-how-to-find-us","status":"publish","type":"page","link":"https:\/\/cardiccia-piana.corsica\/index.php\/comment-nous-trouver-how-to-find-us\/","title":{"rendered":"Comment nous trouver? How to find us? Per trovare dove siamo:"},"content":{"rendered":"\n<p class=\"has-text-align-center\"><strong>ADRESSE POSTALE<\/strong>\/ <strong>MAILING ADDRESS<\/strong> \/<strong>INDIRIZZO POSTALE<\/strong><\/p>\n\n\n\n<p class=\"has-text-align-center\"><span style=\"color: #000000;\">Pierre &amp; Isabelle ALESSANDRI<\/span><\/p>\n\n\n\n<p class=\"has-text-align-center\"><span style=\"color: #000000;\">Locations saisonni\u00e8res A CARDICCIA<\/span><\/p>\n\n\n\n<p class=\"has-text-align-center\">2, chjassu di a Cardiccia &#8211; <span style=\"color: #0000ff;\"><span style=\"color: #000000;\">20115 &#8211; PIANA- CORSICA (France<\/span>)<\/span><\/p>\n\n\n\n<p class=\"has-text-align-center\"><\/p>\n\n\n\n<p class=\"has-text-align-center\"><strong>ACCES PORTAIL \/ CAR ACCESS, MAIN GATE<\/strong> \/ <strong>ACCESSO CANCELLO PRINCIPALE<\/strong><\/p>\n\n\n\n<p class=\"has-text-align-center\"><strong>A CARDICCIA<\/strong><\/p>\n\n\n\n<p class=\"has-text-align-center\"> Carrughju di u fornu (portail blanc \u00e0 gauche de l&rsquo;\u00e9cole\/ white gate to the left of school\/ cancello blanco alla sinistra della scuola)<\/p>\n\n\n\n<p class=\"has-text-align-center\"><span style=\"color: #000000;\"><strong>MAIL:<\/strong><\/span><\/p>\n\n\n\n<p class=\"has-text-align-center\"><span style=\"color: #000000;\"><strong>contact@cardiccia-piana.corsica<\/strong><\/span><\/p>\n\n\n\n<p class=\"has-text-align-center\"><span style=\"color: #000000;\"><strong>GSM:<\/strong><\/span><\/p>\n\n\n\n<p class=\"has-text-align-center\"><span style=\"color: #000000;\"><strong>+<\/strong>336 09 529 574<\/span><\/p>\n\n\n\n<p class=\"has-text-align-center\"><strong>WHATSAPP:<\/strong><\/p>\n\n\n\n<p class=\"has-text-align-center\">+336 09 529 574<\/p>\n\n\n\n<p class=\"has-text-align-center\"><strong>SIREN= 333 686 301 Ajaccio&nbsp;<\/strong><\/p>\n\n\n\n<p class=\"has-text-align-center\"><span style=\"color: #000000;\"><strong>COORDONNEES GPS: A CARDICCIA<\/strong><\/span><\/p>\n\n\n\n<p class=\"has-text-align-center\"><span style=\"color: #000000;\">42.239765, N Latitude<\/span><br><span style=\"color: #000000;\">8.638132 E Longitude<\/span><\/p>\n\n\n\n<p><strong>Voici les photos de l&rsquo;itin\u00e9raire pour vous aider \u00e0 rejoindre votre destination. Veuillez prendre soin de t\u00e9l\u00e9charger ces photos, elles vous seront indispensables pour nous rejoindre d&rsquo;une mani\u00e8re confortable (nom de la rue: carrughju di u fornu).<\/strong><\/p>\n\n\n\n<figure class=\"wp-block-gallery has-nested-images columns-default is-cropped wp-block-gallery-1 is-layout-flex wp-block-gallery-is-layout-flex\">\n<figure class=\"wp-block-image size-large\"><img loading=\"lazy\" decoding=\"async\" width=\"576\" height=\"1024\" data-id=\"130\" src=\"http:\/\/villamadeleine-piana.corsica\/wp-content\/uploads\/2018\/02\/Place-Eglise-576x1024.jpg\" alt=\"\" class=\"wp-image-130\" srcset=\"https:\/\/cardiccia-piana.corsica\/wp-content\/uploads\/2018\/02\/Place-Eglise-576x1024.jpg 576w, https:\/\/cardiccia-piana.corsica\/wp-content\/uploads\/2018\/02\/Place-Eglise-169x300.jpg 169w, https:\/\/cardiccia-piana.corsica\/wp-content\/uploads\/2018\/02\/Place-Eglise.jpg 747w\" sizes=\"(max-width: 576px) 100vw, 576px\" \/><figcaption class=\"wp-element-caption\">1 Arriv\u00e9e place \u00e9glise<\/figcaption><\/figure>\n\n\n\n<figure class=\"wp-block-image size-large\"><img loading=\"lazy\" decoding=\"async\" width=\"576\" height=\"1024\" data-id=\"126\" src=\"http:\/\/villamadeleine-piana.corsica\/wp-content\/uploads\/2018\/02\/1\u00e8re-\u00e9tape-576x1024.jpg\" alt=\"\" class=\"wp-image-126\" srcset=\"https:\/\/cardiccia-piana.corsica\/wp-content\/uploads\/2018\/02\/1\u00e8re-\u00e9tape-576x1024.jpg 576w, https:\/\/cardiccia-piana.corsica\/wp-content\/uploads\/2018\/02\/1\u00e8re-\u00e9tape-169x300.jpg 169w, https:\/\/cardiccia-piana.corsica\/wp-content\/uploads\/2018\/02\/1\u00e8re-\u00e9tape.jpg 747w\" sizes=\"(max-width: 576px) 100vw, 576px\" \/><figcaption class=\"wp-element-caption\">2 Avancer vers les bars<\/figcaption><\/figure>\n\n\n\n<figure class=\"wp-block-image size-large\"><img loading=\"lazy\" decoding=\"async\" width=\"576\" height=\"1024\" data-id=\"127\" src=\"http:\/\/villamadeleine-piana.corsica\/wp-content\/uploads\/2018\/02\/2\u00e8me-\u00e9tape-576x1024.jpg\" alt=\"\" class=\"wp-image-127\" srcset=\"https:\/\/cardiccia-piana.corsica\/wp-content\/uploads\/2018\/02\/2\u00e8me-\u00e9tape-576x1024.jpg 576w, https:\/\/cardiccia-piana.corsica\/wp-content\/uploads\/2018\/02\/2\u00e8me-\u00e9tape-169x300.jpg 169w, https:\/\/cardiccia-piana.corsica\/wp-content\/uploads\/2018\/02\/2\u00e8me-\u00e9tape.jpg 747w\" sizes=\"(max-width: 576px) 100vw, 576px\" \/><figcaption class=\"wp-element-caption\">3 Passer entre les 2 bars<\/figcaption><\/figure>\n\n\n\n<figure class=\"wp-block-image size-large\"><img loading=\"lazy\" decoding=\"async\" width=\"1024\" height=\"576\" data-id=\"128\" src=\"http:\/\/villamadeleine-piana.corsica\/wp-content\/uploads\/2018\/02\/3\u00e8me-\u00e9tape-1024x576.jpg\" alt=\"\" class=\"wp-image-128\" srcset=\"https:\/\/cardiccia-piana.corsica\/wp-content\/uploads\/2018\/02\/3\u00e8me-\u00e9tape-1024x576.jpg 1024w, https:\/\/cardiccia-piana.corsica\/wp-content\/uploads\/2018\/02\/3\u00e8me-\u00e9tape-300x169.jpg 300w, https:\/\/cardiccia-piana.corsica\/wp-content\/uploads\/2018\/02\/3\u00e8me-\u00e9tape-768x432.jpg 768w, https:\/\/cardiccia-piana.corsica\/wp-content\/uploads\/2018\/02\/3\u00e8me-\u00e9tape.jpg 1328w\" sizes=\"(max-width: 706px) 89vw, (max-width: 767px) 82vw, 740px\" \/><figcaption class=\"wp-element-caption\">4 Tourner \u00e0 droite vers la descente<\/figcaption><\/figure>\n\n\n\n<figure class=\"wp-block-image size-large\"><img loading=\"lazy\" decoding=\"async\" width=\"768\" height=\"1024\" data-id=\"1331\" src=\"https:\/\/cardiccia-piana.corsica\/wp-content\/uploads\/2026\/04\/20260209_100152-768x1024.jpg\" alt=\"\" class=\"wp-image-1331\" srcset=\"https:\/\/cardiccia-piana.corsica\/wp-content\/uploads\/2026\/04\/20260209_100152-768x1024.jpg 768w, https:\/\/cardiccia-piana.corsica\/wp-content\/uploads\/2026\/04\/20260209_100152-225x300.jpg 225w, https:\/\/cardiccia-piana.corsica\/wp-content\/uploads\/2026\/04\/20260209_100152-1152x1536.jpg 1152w, https:\/\/cardiccia-piana.corsica\/wp-content\/uploads\/2026\/04\/20260209_100152-1536x2048.jpg 1536w, https:\/\/cardiccia-piana.corsica\/wp-content\/uploads\/2026\/04\/20260209_100152-scaled.jpg 1920w\" sizes=\"(max-width: 706px) 89vw, (max-width: 767px) 82vw, 740px\" \/><figcaption class=\"wp-element-caption\">5 A gauche de l&rsquo;\u00e9cole, Vous \u00eates arriv\u00e9s !<\/figcaption><\/figure>\n<\/figure>\n\n\n\n<p><\/p>\n\n\n\n<p><span style=\"color: #000000;\">1\/ Que vous arriviez de Porto ou Carg\u00e8se, le centre c&rsquo;est l\u00e0! C&rsquo;est la place de l&rsquo;\u00e9glise avec \u00e9tablissements et commerces.<\/span><\/p>\n\n\n\n<p><span style=\"color: #000000;\">2\/ A votre droite boutique souvenirs et boulangerie, \u00e0 votre gauche, l&rsquo;\u00e9glise. En face, un restaurant et un bar (avec gros arbre devant). Avancer&#8230;.<\/span><\/p>\n\n\n\n<p><span style=\"color: #000000;\">3\/ S&rsquo;engager dans cette ruelle apr\u00e8s \u00eatre pass\u00e9 entre les 2 \u00e9tablissements. Vous longez une boucherie charcuterie&#8230;<\/span><\/p>\n\n\n\n<p><span style=\"color: #000000;\">4\/ D\u00e8s que possible, tourner \u00e0 droite. S&rsquo;engager dans la descente jusqu&rsquo;au portail blanc en fer tout en bas, \u00e0 gauche de la grande b\u00e2tisse en pierres rouges (\u00e9cole) .<\/span><\/p>\n\n\n\n<p><span style=\"color: #0000ff;\"><span style=\"color: #000000;\">5\/ Vous y \u00eates. Sonner ou&nbsp; t\u00e9l\u00e9phoner, on vous ouvrira tr\u00e8s rapidement.<\/span><br><\/span><\/p>\n\n\n\n<div class=\"QmZWSe\">\n<div class=\"DHcWmd\">&nbsp;<\/div>\n<\/div>\n\n\n\n<div class=\"oSioSc\">\n<div id=\"tw-target\">\n<div id=\"kAz1tf\" class=\"g9WsWb\">\n<div id=\"tw-target-text-container\" class=\"tw-ta-container hide-focus-ring tw-nfl\" tabindex=\"0\">\n<pre id=\"tw-target-text\" class=\"tw-data-text tw-text-large XcVN5d tw-ta\" dir=\"ltr\" data-placeholder=\"Traduction\"><span lang=\"en\">1 \/ Whether you come from Porto or Carg\u00e8se, the center is there! This is the church square with establishments and shops.\n\n2 \/ On your right, souvenir shop and bakery, on your left, the church. Opposite, a restaurant and a bar (with a big tree in front). Moving forward\u2026.\n\n3 \/ Enter this lane after passing between the 2 establishments. You walk past a butcher's shop ...\n\n4 \/ As soon as possible, turn right. Go downhill to the white iron gate at the bottom left of the large red stone building (school).\n\n5 \/ You are there. Ring or telephone, we will get back to you very quickly.<\/span><\/pre>\n<\/div>\n<div id=\"tw-target-rmn-container\" class=\"tw-ta-container hide-focus-ring tw-nfl\">\n<pre class=\"tw-data-placeholder tw-text-small tw-ta\" dir=\"ltr\" data-placeholder=\"\">&nbsp;<\/pre>\n<div id=\"tw-target-text-container\" class=\"tw-ta-container hide-focus-ring tw-nfl\" tabindex=\"0\">\n<pre id=\"tw-target-text\" class=\"tw-data-text tw-text-large XcVN5d tw-ta\" dir=\"ltr\" data-placeholder=\"Traduction\"><span lang=\"co\">\n\n1\/ Che proveniate da Porto o da Carg\u00e8se, il centro \u00e8 proprio l\u00ec! \u00c8 la piazza della chiesa con negozi e attivit\u00e0 commerciali.\n\n2\/ Alla vostra destra, un negozio di souvenir e una panetteria, alla vostra sinistra, la chiesa. Di fronte, un ristorante e un bar (con un grande albero di fronte). Proseguite dritto...\n\n3\/ Entrate in questo vicolo dopo essere passati tra i due locali. Passerete davanti a una macelleria...\n\n4\/ Appena possibile, girate a destra. Scendete fino al cancello di ferro bianco in fondo, a sinistra del grande edificio in pietra rossa (scuola).\n\n5\/ Siete arrivati. Suonate il campanello o chiamate e la porta si aprir\u00e0 molto rapidamente.\n\n\n\n<p class=\"has-text-align-center\"><span style=\"color: #0000ff;\"><strong>&nbsp;<\/strong><\/span><\/p>\n\n\n\n<p class=\"has-text-align-center\"><\/p>\n\n\n<div class=\"wp-block-image\">\n<figure class=\"aligncenter size-full\"><img loading=\"lazy\" decoding=\"async\" width=\"700\" height=\"501\" src=\"http:\/\/villamadeleine-piana.corsica\/wp-content\/uploads\/2022\/02\/vents_corse-4ff70.jpg\" alt=\"\" class=\"wp-image-704\" srcset=\"https:\/\/cardiccia-piana.corsica\/wp-content\/uploads\/2022\/02\/vents_corse-4ff70.jpg 700w, https:\/\/cardiccia-piana.corsica\/wp-content\/uploads\/2022\/02\/vents_corse-4ff70-300x215.jpg 300w\" sizes=\"(max-width: 700px) 100vw, 700px\" \/><figcaption class=\"wp-element-caption\">Vents en Corse \/  Venti in Corsica  \/ Winds in Corsica<\/figcaption><\/figure><\/div>\n\n\n<p class=\"has-text-align-center\"><\/p>\n","protected":false},"excerpt":{"rendered":"<p>ADRESSE POSTALE\/ MAILING ADDRESS \/INDIRIZZO POSTALE Pierre &amp; Isabelle ALESSANDRI Locations saisonni\u00e8res A CARDICCIA 2, chjassu di a Cardiccia &#8211; 20115 &#8211; PIANA- CORSICA (France) ACCES PORTAIL \/ CAR ACCESS, MAIN GATE \/ ACCESSO CANCELLO PRINCIPALE A CARDICCIA Carrughju di u fornu (portail blanc \u00e0 gauche de l&rsquo;\u00e9cole\/ white gate to the left of school\/ &hellip; <\/p>\n<p class=\"link-more\"><a href=\"https:\/\/cardiccia-piana.corsica\/index.php\/comment-nous-trouver-how-to-find-us\/\" class=\"more-link\">Continuer la lecture<span class=\"screen-reader-text\"> de &laquo;&nbsp;Comment nous trouver? How to find us? Per trovare dove siamo:&nbsp;&raquo;<\/span><\/a><\/p>\n","protected":false},"author":1,"featured_media":0,"parent":0,"menu_order":5,"comment_status":"closed","ping_status":"closed","template":"","meta":{"footnotes":""},"_links":{"self":[{"href":"https:\/\/cardiccia-piana.corsica\/index.php\/wp-json\/wp\/v2\/pages\/34"}],"collection":[{"href":"https:\/\/cardiccia-piana.corsica\/index.php\/wp-json\/wp\/v2\/pages"}],"about":[{"href":"https:\/\/cardiccia-piana.corsica\/index.php\/wp-json\/wp\/v2\/types\/page"}],"author":[{"embeddable":true,"href":"https:\/\/cardiccia-piana.corsica\/index.php\/wp-json\/wp\/v2\/users\/1"}],"replies":[{"embeddable":true,"href":"https:\/\/cardiccia-piana.corsica\/index.php\/wp-json\/wp\/v2\/comments?post=34"}],"version-history":[{"count":44,"href":"https:\/\/cardiccia-piana.corsica\/index.php\/wp-json\/wp\/v2\/pages\/34\/revisions"}],"predecessor-version":[{"id":1333,"href":"https:\/\/cardiccia-piana.corsica\/index.php\/wp-json\/wp\/v2\/pages\/34\/revisions\/1333"}],"wp:attachment":[{"href":"https:\/\/cardiccia-piana.corsica\/index.php\/wp-json\/wp\/v2\/media?parent=34"}],"curies":[{"name":"wp","href":"https:\/\/api.w.org\/{rel}","templated":true}]}}