{"id":39,"date":"2018-02-27T10:57:03","date_gmt":"2018-02-27T09:57:03","guid":{"rendered":"http:\/\/villamadeleine-piana.corsica\/?page_id=39"},"modified":"2026-04-03T14:58:24","modified_gmt":"2026-04-03T12:58:24","slug":"a-cardiccia-3","status":"publish","type":"page","link":"https:\/\/cardiccia-piana.corsica\/index.php\/a-cardiccia-3\/","title":{"rendered":"A Cardiccia T3 ***"},"content":{"rendered":"\n<p class=\"has-text-align-center has-medium-font-size\"><strong>Logement   climatis\u00e9.<\/strong><\/p>\n\n\n\n<p><strong>Air-conditioned accommodation <\/strong><\/p>\n\n\n\n<p><strong>Alloggio climatizzato<\/strong> <\/p>\n\n\n\n<figure class=\"wp-block-gallery has-nested-images columns-default is-cropped wp-block-gallery-1 is-layout-flex wp-block-gallery-is-layout-flex\">\n<figure class=\"wp-block-image size-large\"><img loading=\"lazy\" decoding=\"async\" width=\"768\" height=\"1024\" data-id=\"1276\" src=\"https:\/\/cardiccia-piana.corsica\/wp-content\/uploads\/2025\/08\/20250824_131237-768x1024.jpg\" alt=\"\" class=\"wp-image-1276\" srcset=\"https:\/\/cardiccia-piana.corsica\/wp-content\/uploads\/2025\/08\/20250824_131237-768x1024.jpg 768w, https:\/\/cardiccia-piana.corsica\/wp-content\/uploads\/2025\/08\/20250824_131237-225x300.jpg 225w, https:\/\/cardiccia-piana.corsica\/wp-content\/uploads\/2025\/08\/20250824_131237-1152x1536.jpg 1152w, https:\/\/cardiccia-piana.corsica\/wp-content\/uploads\/2025\/08\/20250824_131237-1536x2048.jpg 1536w, https:\/\/cardiccia-piana.corsica\/wp-content\/uploads\/2025\/08\/20250824_131237-scaled.jpg 1920w\" sizes=\"(max-width: 706px) 89vw, (max-width: 767px) 82vw, 740px\" \/><\/figure>\n<\/figure>\n\n\n\n<p class=\"has-text-align-center\">Appartement T3 de env.50 m\u00b2 : une chambre de 13m\u00b2 avec lit \u00ab\u00a0queensize\u00a0\u00bb (160&#215;200) et une de 8,50m\u00b2 avec lit gigogne (2X80X190, soit un grand lit de 160X190) pour 4 personnes, pi\u00e8ce de vie de 20m\u00b2 avec clic clac (140&#215;190), salle d&rsquo;eau avec wc, placard, d\u00e9gagement.<\/p>\n\n\n\n<p class=\"has-text-align-center\">L&rsquo;appartement donne directement sur un grand espace jardin privatif ombrag\u00e9 par un tilleul. Salon de jardin, transat sont fournis.<\/p>\n\n\n\n<p>Confort moderne&nbsp; avec cuisine \u00e9quip\u00e9e: hotte, plaque induction 4 feux, rangements, r\u00e9frig\u00e9rateur\/ cong\u00e9lateur, four micro-onde combin\u00e9 &amp; four micro-onde mono fonction, lave vaisselle, lave-linge, petit \u00e9lectrom\u00e9nager (bouilloire, grille pain, cafeti\u00e8re type \u00ab\u00a0Nespresso\u00a0\u00bb et cafeti\u00e8re \u00ab\u00a0italienne\u00a0\u00bb), etc.<\/p>\n\n\n\n<p class=\"has-text-align-center\">WIFI et TNT SAT.<\/p>\n\n\n\n<p class=\"has-text-align-center\"><strong><a class=\"maxbutton-14 maxbutton maxbutton-comment-nous-trouver\" href=\"https:\/\/cardiccia-piana.corsica\/index.php\/comment-nous-trouver-how-to-find-us\/\"><span class='mb-text'>ADRESSE-ITINERAIRE ADDRESS-ITINERARY<\/span><\/a><\/strong><\/p>\n\n\n\n<div class=\"QmZWSe\">\n<div class=\"DHcWmd\">&nbsp;<\/div>\n<\/div>\n\n\n\n<div class=\"oSioSc\">\n<div id=\"tw-target\">\n<div id=\"kAz1tf\" class=\"g9WsWb\">\n<div id=\"tw-target-text-container\" class=\"tw-ta-container hide-focus-ring tw-nfl\" style=\"text-align: center;\" tabindex=\"0\">\n<pre id=\"tw-target-text\" class=\"tw-data-text tw-text-large XcVN5d tw-ta\" dir=\"ltr\" data-placeholder=\"Traduction\"><span lang=\"en\">Apartment T3 of approx. 50 m\u00b2: one bedroom of 13m\u00b2 with \"queensize\" bed (160x200) and one of 8.50m\u00b2 with double bed 160X190, for 4 people, living room of 20m\u00b2 with sofa bed, bathroom with wc, cupboard, hallway.\n\nThe apartment opens directly onto a large private garden area shaded by a lime tree. Garden furniture, deckchair are provided. Car parking right next door!\n\nModern comfort with semi-equipped kitchen: extractor, induction hob with 4 burners, storage, fridge \/ freezer, single-function microwave, washing machine and dishwasher, and all household appliances.\n\nWIFI and TNT SAT.<br><br><\/span><\/pre>\n<\/div>\n<div id=\"tw-target-rmn-container\" class=\"tw-ta-container hide-focus-ring tw-nfl\">\n<div id=\"tw-target-text-container\" class=\"tw-ta-container hide-focus-ring tw-nfl\" style=\"text-align: center;\" tabindex=\"0\">\n<pre id=\"tw-target-text\" class=\"tw-data-text tw-text-large XcVN5d tw-ta\" dir=\"ltr\" data-placeholder=\"Traduction\"><span lang=\"co\">Appartamento T3 di circa 50 m\u00b2: una camera da 13m\u00b2 cun lettu \"Queensize\" (160x200) \u00e8 una da 8,50m\u00b2 cun lettu matrimoniale (160x190), per 4 persone, salottu di 20m\u00b2 c\u00f9 divanu lettu, bagnu c\u00f9 wc, armariu, curridore.\n\nL'appartamentu si apre direttamente nantu \u00e0 un grande giardinu privatu \u00e0 l'ombra da un tigliolu. Mobili di giardino, sedia cunchiglia sono furniti. Parking di vittura ghjustu accantu!\n\nCunfortu mudernu c\u00f9 cucina semi equipagiata: estrattore, piastra \u00e0 induzione c\u00f9 2 bruciatori, magazzinu, frigorifero \/ congelatore, microonde \u00e0 funzione unica, lavatrice, \u00e8 tutti l'elettrodomestici.\n\nWIFI \u00e8 TNT SAT.<\/span><\/pre>\n<\/div>\n<\/div>\n<\/div>\n<\/div>\n<\/div>\n\n\n\n<figure class=\"wp-block-gallery has-nested-images columns-1 is-cropped wp-block-gallery-2 is-layout-flex wp-block-gallery-is-layout-flex\">\n<figure class=\"wp-block-image size-large\"><img loading=\"lazy\" decoding=\"async\" width=\"768\" height=\"1024\" data-id=\"987\" src=\"http:\/\/villamadeleine-piana.corsica\/wp-content\/uploads\/2023\/07\/20230710_102309-768x1024.jpg\" alt=\"\" class=\"wp-image-987\" srcset=\"https:\/\/cardiccia-piana.corsica\/wp-content\/uploads\/2023\/07\/20230710_102309-768x1024.jpg 768w, https:\/\/cardiccia-piana.corsica\/wp-content\/uploads\/2023\/07\/20230710_102309-225x300.jpg 225w, https:\/\/cardiccia-piana.corsica\/wp-content\/uploads\/2023\/07\/20230710_102309-1152x1536.jpg 1152w, https:\/\/cardiccia-piana.corsica\/wp-content\/uploads\/2023\/07\/20230710_102309-1536x2048.jpg 1536w, https:\/\/cardiccia-piana.corsica\/wp-content\/uploads\/2023\/07\/20230710_102309-scaled.jpg 1920w\" sizes=\"(max-width: 706px) 89vw, (max-width: 767px) 82vw, 740px\" \/><\/figure>\n\n\n\n<figure class=\"wp-block-image size-large\"><img loading=\"lazy\" decoding=\"async\" width=\"768\" height=\"1024\" data-id=\"1089\" src=\"http:\/\/villamadeleine-piana.corsica\/wp-content\/uploads\/2024\/04\/20240408_125429-768x1024.jpg\" alt=\"\" class=\"wp-image-1089\" srcset=\"https:\/\/cardiccia-piana.corsica\/wp-content\/uploads\/2024\/04\/20240408_125429-768x1024.jpg 768w, https:\/\/cardiccia-piana.corsica\/wp-content\/uploads\/2024\/04\/20240408_125429-225x300.jpg 225w, https:\/\/cardiccia-piana.corsica\/wp-content\/uploads\/2024\/04\/20240408_125429-1152x1536.jpg 1152w, https:\/\/cardiccia-piana.corsica\/wp-content\/uploads\/2024\/04\/20240408_125429-1536x2048.jpg 1536w, https:\/\/cardiccia-piana.corsica\/wp-content\/uploads\/2024\/04\/20240408_125429-scaled.jpg 1920w\" sizes=\"(max-width: 706px) 89vw, (max-width: 767px) 82vw, 740px\" \/><\/figure>\n<\/figure>\n\n\n\n<p class=\"has-text-align-center\">Pi\u00e8ce \u00e0 vivre donnant sur jardin privatif<\/p>\n\n\n\n<figure class=\"wp-block-gallery has-nested-images columns-default is-cropped wp-block-gallery-3 is-layout-flex wp-block-gallery-is-layout-flex\">\n<figure class=\"wp-block-image size-large\"><img loading=\"lazy\" decoding=\"async\" width=\"1920\" height=\"2560\" data-id=\"677\" src=\"http:\/\/villamadeleine-piana.corsica\/wp-content\/uploads\/2021\/12\/20211214_092712-scaled.jpg\" alt=\"\" class=\"wp-image-677\" srcset=\"https:\/\/cardiccia-piana.corsica\/wp-content\/uploads\/2021\/12\/20211214_092712-scaled.jpg 1920w, https:\/\/cardiccia-piana.corsica\/wp-content\/uploads\/2021\/12\/20211214_092712-225x300.jpg 225w, https:\/\/cardiccia-piana.corsica\/wp-content\/uploads\/2021\/12\/20211214_092712-768x1024.jpg 768w, https:\/\/cardiccia-piana.corsica\/wp-content\/uploads\/2021\/12\/20211214_092712-1152x1536.jpg 1152w, https:\/\/cardiccia-piana.corsica\/wp-content\/uploads\/2021\/12\/20211214_092712-1536x2048.jpg 1536w\" sizes=\"(max-width: 706px) 89vw, (max-width: 767px) 82vw, 740px\" \/><\/figure>\n\n\n\n<figure class=\"wp-block-image size-large\"><img loading=\"lazy\" decoding=\"async\" width=\"1920\" height=\"2560\" data-id=\"678\" src=\"http:\/\/villamadeleine-piana.corsica\/wp-content\/uploads\/2021\/12\/20211214_092749-scaled.jpg\" alt=\"\" class=\"wp-image-678\" srcset=\"https:\/\/cardiccia-piana.corsica\/wp-content\/uploads\/2021\/12\/20211214_092749-scaled.jpg 1920w, https:\/\/cardiccia-piana.corsica\/wp-content\/uploads\/2021\/12\/20211214_092749-225x300.jpg 225w, https:\/\/cardiccia-piana.corsica\/wp-content\/uploads\/2021\/12\/20211214_092749-768x1024.jpg 768w, https:\/\/cardiccia-piana.corsica\/wp-content\/uploads\/2021\/12\/20211214_092749-1152x1536.jpg 1152w, https:\/\/cardiccia-piana.corsica\/wp-content\/uploads\/2021\/12\/20211214_092749-1536x2048.jpg 1536w\" sizes=\"(max-width: 706px) 89vw, (max-width: 767px) 82vw, 740px\" \/><\/figure>\n<figcaption class=\"blocks-gallery-caption wp-element-caption\">Chambre avec lit 160&#215;200<\/figcaption><\/figure>\n\n\n\n<figure class=\"wp-block-gallery has-nested-images columns-default is-cropped wp-block-gallery-4 is-layout-flex wp-block-gallery-is-layout-flex\">\n<figure class=\"wp-block-image size-large\"><img loading=\"lazy\" decoding=\"async\" width=\"768\" height=\"1024\" data-id=\"998\" src=\"http:\/\/villamadeleine-piana.corsica\/wp-content\/uploads\/2023\/07\/20230724_135212-768x1024.jpg\" alt=\"\" class=\"wp-image-998\" srcset=\"https:\/\/cardiccia-piana.corsica\/wp-content\/uploads\/2023\/07\/20230724_135212-768x1024.jpg 768w, https:\/\/cardiccia-piana.corsica\/wp-content\/uploads\/2023\/07\/20230724_135212-225x300.jpg 225w, https:\/\/cardiccia-piana.corsica\/wp-content\/uploads\/2023\/07\/20230724_135212-1152x1536.jpg 1152w, https:\/\/cardiccia-piana.corsica\/wp-content\/uploads\/2023\/07\/20230724_135212-1536x2048.jpg 1536w, https:\/\/cardiccia-piana.corsica\/wp-content\/uploads\/2023\/07\/20230724_135212-scaled.jpg 1920w\" sizes=\"(max-width: 706px) 89vw, (max-width: 767px) 82vw, 740px\" \/><\/figure>\n\n\n\n<figure class=\"wp-block-image size-large\"><img loading=\"lazy\" decoding=\"async\" width=\"1920\" height=\"2560\" data-id=\"738\" src=\"http:\/\/villamadeleine-piana.corsica\/wp-content\/uploads\/2022\/04\/20220408_112834-scaled.jpg\" alt=\"\" class=\"wp-image-738\" srcset=\"https:\/\/cardiccia-piana.corsica\/wp-content\/uploads\/2022\/04\/20220408_112834-scaled.jpg 1920w, https:\/\/cardiccia-piana.corsica\/wp-content\/uploads\/2022\/04\/20220408_112834-225x300.jpg 225w, https:\/\/cardiccia-piana.corsica\/wp-content\/uploads\/2022\/04\/20220408_112834-768x1024.jpg 768w, https:\/\/cardiccia-piana.corsica\/wp-content\/uploads\/2022\/04\/20220408_112834-1152x1536.jpg 1152w, https:\/\/cardiccia-piana.corsica\/wp-content\/uploads\/2022\/04\/20220408_112834-1536x2048.jpg 1536w\" sizes=\"(max-width: 706px) 89vw, (max-width: 767px) 82vw, 740px\" \/><\/figure>\n<figcaption class=\"blocks-gallery-caption wp-element-caption\">Chambre avec lit gigogne 2 X 80X190<\/figcaption><\/figure>\n\n\n\n<figure class=\"wp-block-gallery has-nested-images columns-default is-cropped wp-block-gallery-5 is-layout-flex wp-block-gallery-is-layout-flex\">\n<figure class=\"wp-block-image size-large\"><img loading=\"lazy\" decoding=\"async\" width=\"768\" height=\"1024\" data-id=\"1323\" src=\"https:\/\/cardiccia-piana.corsica\/wp-content\/uploads\/2026\/04\/Degagement-T3-2026-2-768x1024.jpg\" alt=\"\" class=\"wp-image-1323\" srcset=\"https:\/\/cardiccia-piana.corsica\/wp-content\/uploads\/2026\/04\/Degagement-T3-2026-2-768x1024.jpg 768w, https:\/\/cardiccia-piana.corsica\/wp-content\/uploads\/2026\/04\/Degagement-T3-2026-2-225x300.jpg 225w, https:\/\/cardiccia-piana.corsica\/wp-content\/uploads\/2026\/04\/Degagement-T3-2026-2-1152x1536.jpg 1152w, https:\/\/cardiccia-piana.corsica\/wp-content\/uploads\/2026\/04\/Degagement-T3-2026-2.jpg 1500w\" sizes=\"(max-width: 706px) 89vw, (max-width: 767px) 82vw, 740px\" \/><\/figure>\n\n\n\n<figure class=\"wp-block-image size-large\"><img loading=\"lazy\" decoding=\"async\" width=\"1369\" height=\"2048\" data-id=\"690\" src=\"http:\/\/villamadeleine-piana.corsica\/wp-content\/uploads\/2021\/12\/20211216_124146_InPixio.jpg\" alt=\"\" class=\"wp-image-690\" srcset=\"https:\/\/cardiccia-piana.corsica\/wp-content\/uploads\/2021\/12\/20211216_124146_InPixio.jpg 1369w, https:\/\/cardiccia-piana.corsica\/wp-content\/uploads\/2021\/12\/20211216_124146_InPixio-201x300.jpg 201w, https:\/\/cardiccia-piana.corsica\/wp-content\/uploads\/2021\/12\/20211216_124146_InPixio-685x1024.jpg 685w, https:\/\/cardiccia-piana.corsica\/wp-content\/uploads\/2021\/12\/20211216_124146_InPixio-768x1149.jpg 768w, https:\/\/cardiccia-piana.corsica\/wp-content\/uploads\/2021\/12\/20211216_124146_InPixio-1027x1536.jpg 1027w\" sizes=\"(max-width: 706px) 89vw, (max-width: 767px) 82vw, 740px\" \/><\/figure>\n<figcaption class=\"blocks-gallery-caption wp-element-caption\">D\u00e9gagement avec placard et salle d&rsquo;eau\/WC<\/figcaption><\/figure>\n\n\n\n<figure class=\"wp-block-gallery has-nested-images columns-default is-cropped wp-block-gallery-6 is-layout-flex wp-block-gallery-is-layout-flex\">\n<figure class=\"wp-block-image size-large\"><img loading=\"lazy\" decoding=\"async\" width=\"2560\" height=\"1707\" data-id=\"928\" src=\"http:\/\/villamadeleine-piana.corsica\/wp-content\/uploads\/2023\/06\/IMG_7824-scaled.jpg\" alt=\"\" class=\"wp-image-928\" srcset=\"https:\/\/cardiccia-piana.corsica\/wp-content\/uploads\/2023\/06\/IMG_7824-scaled.jpg 2560w, https:\/\/cardiccia-piana.corsica\/wp-content\/uploads\/2023\/06\/IMG_7824-300x200.jpg 300w, https:\/\/cardiccia-piana.corsica\/wp-content\/uploads\/2023\/06\/IMG_7824-1024x683.jpg 1024w, https:\/\/cardiccia-piana.corsica\/wp-content\/uploads\/2023\/06\/IMG_7824-768x512.jpg 768w, https:\/\/cardiccia-piana.corsica\/wp-content\/uploads\/2023\/06\/IMG_7824-1536x1024.jpg 1536w, https:\/\/cardiccia-piana.corsica\/wp-content\/uploads\/2023\/06\/IMG_7824-2048x1365.jpg 2048w\" sizes=\"(max-width: 706px) 89vw, (max-width: 767px) 82vw, 740px\" \/><\/figure>\n\n\n\n<figure class=\"wp-block-image size-large\"><img loading=\"lazy\" decoding=\"async\" width=\"768\" height=\"1024\" data-id=\"1278\" src=\"https:\/\/cardiccia-piana.corsica\/wp-content\/uploads\/2025\/08\/20250824_130616-768x1024.jpg\" alt=\"\" class=\"wp-image-1278\" srcset=\"https:\/\/cardiccia-piana.corsica\/wp-content\/uploads\/2025\/08\/20250824_130616-768x1024.jpg 768w, https:\/\/cardiccia-piana.corsica\/wp-content\/uploads\/2025\/08\/20250824_130616-225x300.jpg 225w, https:\/\/cardiccia-piana.corsica\/wp-content\/uploads\/2025\/08\/20250824_130616-1152x1536.jpg 1152w, https:\/\/cardiccia-piana.corsica\/wp-content\/uploads\/2025\/08\/20250824_130616-1536x2048.jpg 1536w, https:\/\/cardiccia-piana.corsica\/wp-content\/uploads\/2025\/08\/20250824_130616-scaled.jpg 1920w\" sizes=\"(max-width: 706px) 89vw, (max-width: 767px) 82vw, 740px\" \/><\/figure>\n<\/figure>\n\n\n\n<p><\/p>\n","protected":false},"excerpt":{"rendered":"<p>Logement climatis\u00e9. Air-conditioned accommodation Alloggio climatizzato Appartement T3 de env.50 m\u00b2 : une chambre de 13m\u00b2 avec lit \u00ab\u00a0queensize\u00a0\u00bb (160&#215;200) et une de 8,50m\u00b2 avec lit gigogne (2X80X190, soit un grand lit de 160X190) pour 4 personnes, pi\u00e8ce de vie de 20m\u00b2 avec clic clac (140&#215;190), salle d&rsquo;eau avec wc, placard, d\u00e9gagement. L&rsquo;appartement donne directement &hellip; <\/p>\n<p class=\"link-more\"><a href=\"https:\/\/cardiccia-piana.corsica\/index.php\/a-cardiccia-3\/\" class=\"more-link\">Continuer la lecture<span class=\"screen-reader-text\"> de &laquo;&nbsp;A Cardiccia T3 ***&nbsp;&raquo;<\/span><\/a><\/p>\n","protected":false},"author":1,"featured_media":0,"parent":0,"menu_order":2,"comment_status":"closed","ping_status":"closed","template":"","meta":{"footnotes":""},"_links":{"self":[{"href":"https:\/\/cardiccia-piana.corsica\/index.php\/wp-json\/wp\/v2\/pages\/39"}],"collection":[{"href":"https:\/\/cardiccia-piana.corsica\/index.php\/wp-json\/wp\/v2\/pages"}],"about":[{"href":"https:\/\/cardiccia-piana.corsica\/index.php\/wp-json\/wp\/v2\/types\/page"}],"author":[{"embeddable":true,"href":"https:\/\/cardiccia-piana.corsica\/index.php\/wp-json\/wp\/v2\/users\/1"}],"replies":[{"embeddable":true,"href":"https:\/\/cardiccia-piana.corsica\/index.php\/wp-json\/wp\/v2\/comments?post=39"}],"version-history":[{"count":56,"href":"https:\/\/cardiccia-piana.corsica\/index.php\/wp-json\/wp\/v2\/pages\/39\/revisions"}],"predecessor-version":[{"id":1325,"href":"https:\/\/cardiccia-piana.corsica\/index.php\/wp-json\/wp\/v2\/pages\/39\/revisions\/1325"}],"wp:attachment":[{"href":"https:\/\/cardiccia-piana.corsica\/index.php\/wp-json\/wp\/v2\/media?parent=39"}],"curies":[{"name":"wp","href":"https:\/\/api.w.org\/{rel}","templated":true}]}}