{"id":41,"date":"2018-02-27T10:57:03","date_gmt":"2018-02-27T09:57:03","guid":{"rendered":"http:\/\/villamadeleine-piana.corsica\/?page_id=41"},"modified":"2026-04-15T14:09:20","modified_gmt":"2026-04-15T12:09:20","slug":"a-cardiccia-2","status":"publish","type":"page","link":"https:\/\/cardiccia-piana.corsica\/index.php\/a-cardiccia-2\/","title":{"rendered":"A Cardiccia T2 ***"},"content":{"rendered":"\n<p class=\"has-text-align-center\"><strong>Appartement  climatis\u00e9<\/strong>.<\/p>\n\n\n\n<pre id=\"tw-target-text\" class=\"wp-block-preformatted\"><strong>Air-conditioned accommodation<br>Alloggio climatizzato<\/strong><br><br>                               <a class=\"maxbutton-14 maxbutton maxbutton-comment-nous-trouver\" href=\"https:\/\/cardiccia-piana.corsica\/index.php\/comment-nous-trouver-how-to-find-us\/\"><span class='mb-text'>ADRESSE-ITINERAIRE ADDRESS-ITINERARY<\/span><\/a><\/pre>\n\n\n\n<figure class=\"wp-block-image size-large\"><img loading=\"lazy\" decoding=\"async\" width=\"1024\" height=\"683\" src=\"http:\/\/villamadeleine-piana.corsica\/wp-content\/uploads\/2023\/05\/IMG_7846-1024x683.jpg\" alt=\"\" class=\"wp-image-908\" srcset=\"https:\/\/cardiccia-piana.corsica\/wp-content\/uploads\/2023\/05\/IMG_7846-1024x683.jpg 1024w, https:\/\/cardiccia-piana.corsica\/wp-content\/uploads\/2023\/05\/IMG_7846-300x200.jpg 300w, https:\/\/cardiccia-piana.corsica\/wp-content\/uploads\/2023\/05\/IMG_7846-768x512.jpg 768w, https:\/\/cardiccia-piana.corsica\/wp-content\/uploads\/2023\/05\/IMG_7846-1536x1024.jpg 1536w, https:\/\/cardiccia-piana.corsica\/wp-content\/uploads\/2023\/05\/IMG_7846-2048x1365.jpg 2048w\" sizes=\"(max-width: 706px) 89vw, (max-width: 767px) 82vw, 740px\" \/><\/figure>\n\n\n<p style=\"text-align: center;\">Il est dot\u00e9\u00a0 d&rsquo;une pi\u00e8ce \u00e0 vivre cuisine de 16m\u00b2 &#8211; avec canap\u00e9 clic clac transformable en couchage 2 personnes &#8211; donnant directement sur le jardin privatif.<\/p>\n<p style=\"text-align: center;\">Une\u00a0 chambre de +14m\u00b2 avec lit Queen Size 160X200 et grande\u00a0 armoire avec penderie et \u00e9tag\u00e8res.<br \/>Une salle d&rsquo;eau avec wc . Climatisation r\u00e9versible.<\/p>\n<p style=\"text-align: center;\">Salon de jardin, transat, parasol&#8230;<\/p>\n<p style=\"text-align: center;\">Confort moderne\u00a0 avec cuisine salle \u00e0 manger:\u00a0 plaque induction 2 foyers,rangements, r\u00e9frig\u00e9rateur\/ cong\u00e9lateur, four micro-ondes, mini four, lave-linge &amp; lave-vaisselle et tout l\u2019\u00e9lectrom\u00e9nager: cafeti\u00e8res (dont une \u00ab\u00a0italienne\u00a0\u00bb) grille pain et bouilloire . WIFI gratuit et TNT SAT.<\/p>\n<p style=\"text-align: center;\">Serviettes de plage \u00e0 louer pour les voyageurs en avion et une <em>parasolette<\/em> vous sera pr\u00eat\u00e9e.<\/p>\n<div class=\"QmZWSe\">\n<div class=\"DHcWmd\" style=\"text-align: center;\">\u00a0<\/div>\n<\/div>\n<div class=\"oSioSc\">\n<div id=\"tw-target\">\n<div id=\"kAz1tf\" class=\"g9WsWb\">\n<div id=\"tw-target-text-container\" class=\"tw-ta-container hide-focus-ring tw-nfl\" style=\"text-align: center;\" tabindex=\"0\">\n<pre class=\"tw-data-text tw-text-large XcVN5d tw-ta\" dir=\"ltr\" data-placeholder=\"Traduction\"><span lang=\"en\">It has a large bedroom of + 14m\u00b2 with Queen Size bed 160X200 and large wardrobe, a kitchen living room of 16m\u00b2 - with sofa bed convertible into sleeping 2 people - directly overlooking the private garden with living room. garden, deckchair.\nThe bathroom with wc is completely modern and redone.\n\n\nModern comfort with kitchen-dining room: induction hob with 2 burners, storage space, fridge \/ freezer, single-function microwave, washing machine,<\/span><\/pre>\n<pre id=\"tw-target-text\" class=\"tw-data-text tw-text-large tw-ta\" dir=\"ltr\" data-placeholder=\"Traduction\"><span class=\"Y2IQFc\" lang=\"en\">dishwasher <\/span><span lang=\"en\">and all appliances: coffee makers (including one \"Italian\"), toaster and kettle. Free WIFI and TNT SAT. Beach towels for hire for air travelers and a loaner parasol.<br \/><br \/><br \/><\/span><\/pre>\n<div class=\"QmZWSe\">\n<div class=\"DHcWmd\">\u00a0<\/div>\n<\/div>\n<div class=\"oSioSc\">\n<div id=\"tw-target\">\n<div id=\"kAz1tf\" class=\"g9WsWb\">\n<div id=\"tw-target-text-container\" class=\"tw-ta-container hide-focus-ring tw-nfl\" tabindex=\"0\">\n<pre class=\"tw-data-text tw-text-large XcVN5d tw-ta\" dir=\"ltr\" data-placeholder=\"Traduction\"><span lang=\"co\">H\u00e0 una grande camera da letto di + 14m\u00b2 cun lettu Queen Size 160X200 \u00e8 un grande armariu, un salottu di cucina di 16m\u00b2 - cun divanu lettu trasformabile in dorme 2 persone - affaccendu direttamente nantu \u00e0 u giardinu privatu c\u00f9 u salottu. giardinu, sedia.\nU bagnu c\u00f9 wc h\u00e8 completamente mudernu \u00e8 rifattu. \n\n\nCunfortu mudernu c\u00f9 cucina-sala da manghj\u00e0: piastra \u00e0 induzione c\u00f9 2 bruciatori, spaziu di pruvista, frigorifero \/ congelatore, microonde \u00e0 funzione unica, lavatrice,<\/span><\/pre>\n<pre id=\"tw-target-text\" class=\"tw-data-text tw-text-large tw-ta\" dir=\"ltr\" data-placeholder=\"Traduction\"><span class=\"Y2IQFc\" lang=\"it\">lavastoviglie e<\/span><span lang=\"co\"> tutti l\u2019elettrodomestici: macchine da caff\u00e8 (cumpresu un \"talianu\"), tostapane \u00e8 bollitore. WIFI gratuitu \u00e8 \u200b\u200bTNT SAT. Asciugamani da spiaggia per i viaghjatori aerei \u00e8 un ombrellone in prestitu.<\/span><\/pre>\n<\/div>\n<\/div>\n<\/div>\n<\/div>\n<\/div>\n<\/div>\n<\/div>\n<\/div>\n\n\n<figure class=\"wp-block-gallery has-nested-images columns-default is-cropped wp-block-gallery-1 is-layout-flex wp-block-gallery-is-layout-flex\">\n<figure class=\"wp-block-image size-large\"><img loading=\"lazy\" decoding=\"async\" width=\"768\" height=\"1024\" data-id=\"1327\" src=\"https:\/\/cardiccia-piana.corsica\/wp-content\/uploads\/2026\/04\/20260415_120935-768x1024.jpg\" alt=\"\" class=\"wp-image-1327\" srcset=\"https:\/\/cardiccia-piana.corsica\/wp-content\/uploads\/2026\/04\/20260415_120935-768x1024.jpg 768w, https:\/\/cardiccia-piana.corsica\/wp-content\/uploads\/2026\/04\/20260415_120935-225x300.jpg 225w, https:\/\/cardiccia-piana.corsica\/wp-content\/uploads\/2026\/04\/20260415_120935-1152x1536.jpg 1152w, https:\/\/cardiccia-piana.corsica\/wp-content\/uploads\/2026\/04\/20260415_120935-1536x2048.jpg 1536w, https:\/\/cardiccia-piana.corsica\/wp-content\/uploads\/2026\/04\/20260415_120935-scaled.jpg 1920w\" sizes=\"(max-width: 706px) 89vw, (max-width: 767px) 82vw, 740px\" \/><\/figure>\n\n\n\n<figure class=\"wp-block-image size-large\"><img loading=\"lazy\" decoding=\"async\" width=\"1024\" height=\"768\" data-id=\"1328\" src=\"https:\/\/cardiccia-piana.corsica\/wp-content\/uploads\/2026\/04\/20260415_120918-1024x768.jpg\" alt=\"\" class=\"wp-image-1328\" srcset=\"https:\/\/cardiccia-piana.corsica\/wp-content\/uploads\/2026\/04\/20260415_120918-1024x768.jpg 1024w, https:\/\/cardiccia-piana.corsica\/wp-content\/uploads\/2026\/04\/20260415_120918-300x225.jpg 300w, https:\/\/cardiccia-piana.corsica\/wp-content\/uploads\/2026\/04\/20260415_120918-768x576.jpg 768w, https:\/\/cardiccia-piana.corsica\/wp-content\/uploads\/2026\/04\/20260415_120918-1536x1152.jpg 1536w, https:\/\/cardiccia-piana.corsica\/wp-content\/uploads\/2026\/04\/20260415_120918-2048x1536.jpg 2048w\" sizes=\"(max-width: 706px) 89vw, (max-width: 767px) 82vw, 740px\" \/><\/figure>\n\n\n\n<figure class=\"wp-block-image size-large\"><img loading=\"lazy\" decoding=\"async\" width=\"1024\" height=\"683\" data-id=\"916\" src=\"http:\/\/villamadeleine-piana.corsica\/wp-content\/uploads\/2023\/05\/IMG_7855-1024x683.jpg\" alt=\"\" class=\"wp-image-916\" srcset=\"https:\/\/cardiccia-piana.corsica\/wp-content\/uploads\/2023\/05\/IMG_7855-1024x683.jpg 1024w, https:\/\/cardiccia-piana.corsica\/wp-content\/uploads\/2023\/05\/IMG_7855-300x200.jpg 300w, https:\/\/cardiccia-piana.corsica\/wp-content\/uploads\/2023\/05\/IMG_7855-768x512.jpg 768w, https:\/\/cardiccia-piana.corsica\/wp-content\/uploads\/2023\/05\/IMG_7855-1536x1024.jpg 1536w, https:\/\/cardiccia-piana.corsica\/wp-content\/uploads\/2023\/05\/IMG_7855-2048x1365.jpg 2048w\" sizes=\"(max-width: 706px) 89vw, (max-width: 767px) 82vw, 740px\" \/><\/figure>\n\n\n\n<figure class=\"wp-block-image size-large\"><img loading=\"lazy\" decoding=\"async\" width=\"1024\" height=\"683\" data-id=\"943\" src=\"http:\/\/villamadeleine-piana.corsica\/wp-content\/uploads\/2023\/07\/IMG_7797-1024x683.jpg\" alt=\"\" class=\"wp-image-943\" srcset=\"https:\/\/cardiccia-piana.corsica\/wp-content\/uploads\/2023\/07\/IMG_7797-1024x683.jpg 1024w, https:\/\/cardiccia-piana.corsica\/wp-content\/uploads\/2023\/07\/IMG_7797-300x200.jpg 300w, https:\/\/cardiccia-piana.corsica\/wp-content\/uploads\/2023\/07\/IMG_7797-768x512.jpg 768w, https:\/\/cardiccia-piana.corsica\/wp-content\/uploads\/2023\/07\/IMG_7797-1536x1024.jpg 1536w, https:\/\/cardiccia-piana.corsica\/wp-content\/uploads\/2023\/07\/IMG_7797-2048x1365.jpg 2048w\" sizes=\"(max-width: 706px) 89vw, (max-width: 767px) 82vw, 740px\" \/><\/figure>\n\n\n\n<figure class=\"wp-block-image size-large\"><img loading=\"lazy\" decoding=\"async\" width=\"1024\" height=\"683\" data-id=\"848\" src=\"http:\/\/villamadeleine-piana.corsica\/wp-content\/uploads\/2022\/12\/IMG_7717-1024x683.jpg\" alt=\"\" class=\"wp-image-848\" srcset=\"https:\/\/cardiccia-piana.corsica\/wp-content\/uploads\/2022\/12\/IMG_7717-1024x683.jpg 1024w, https:\/\/cardiccia-piana.corsica\/wp-content\/uploads\/2022\/12\/IMG_7717-300x200.jpg 300w, https:\/\/cardiccia-piana.corsica\/wp-content\/uploads\/2022\/12\/IMG_7717-768x512.jpg 768w, https:\/\/cardiccia-piana.corsica\/wp-content\/uploads\/2022\/12\/IMG_7717-1536x1024.jpg 1536w, https:\/\/cardiccia-piana.corsica\/wp-content\/uploads\/2022\/12\/IMG_7717-2048x1365.jpg 2048w\" sizes=\"(max-width: 706px) 89vw, (max-width: 767px) 82vw, 740px\" \/><\/figure>\n\n\n\n<figure class=\"wp-block-image size-large\"><img loading=\"lazy\" decoding=\"async\" width=\"1024\" height=\"748\" data-id=\"845\" src=\"http:\/\/villamadeleine-piana.corsica\/wp-content\/uploads\/2022\/12\/IMG_7711-1-1024x748.jpg\" alt=\"\" class=\"wp-image-845\" srcset=\"https:\/\/cardiccia-piana.corsica\/wp-content\/uploads\/2022\/12\/IMG_7711-1-1024x748.jpg 1024w, https:\/\/cardiccia-piana.corsica\/wp-content\/uploads\/2022\/12\/IMG_7711-1-300x219.jpg 300w, https:\/\/cardiccia-piana.corsica\/wp-content\/uploads\/2022\/12\/IMG_7711-1-768x561.jpg 768w, https:\/\/cardiccia-piana.corsica\/wp-content\/uploads\/2022\/12\/IMG_7711-1-1536x1123.jpg 1536w, https:\/\/cardiccia-piana.corsica\/wp-content\/uploads\/2022\/12\/IMG_7711-1-2048x1497.jpg 2048w\" sizes=\"(max-width: 706px) 89vw, (max-width: 767px) 82vw, 740px\" \/><\/figure>\n\n\n\n<figure class=\"wp-block-image size-large\"><img loading=\"lazy\" decoding=\"async\" width=\"1024\" height=\"683\" data-id=\"938\" src=\"http:\/\/villamadeleine-piana.corsica\/wp-content\/uploads\/2023\/07\/IMG_7806-1024x683.jpg\" alt=\"\" class=\"wp-image-938\" srcset=\"https:\/\/cardiccia-piana.corsica\/wp-content\/uploads\/2023\/07\/IMG_7806-1024x683.jpg 1024w, https:\/\/cardiccia-piana.corsica\/wp-content\/uploads\/2023\/07\/IMG_7806-300x200.jpg 300w, https:\/\/cardiccia-piana.corsica\/wp-content\/uploads\/2023\/07\/IMG_7806-768x512.jpg 768w, https:\/\/cardiccia-piana.corsica\/wp-content\/uploads\/2023\/07\/IMG_7806-1536x1024.jpg 1536w, https:\/\/cardiccia-piana.corsica\/wp-content\/uploads\/2023\/07\/IMG_7806-2048x1365.jpg 2048w\" sizes=\"(max-width: 706px) 89vw, (max-width: 767px) 82vw, 740px\" \/><\/figure>\n\n\n\n<figure class=\"wp-block-image size-large\"><img loading=\"lazy\" decoding=\"async\" width=\"1024\" height=\"683\" data-id=\"939\" src=\"http:\/\/villamadeleine-piana.corsica\/wp-content\/uploads\/2023\/07\/IMG_7809-1024x683.jpg\" alt=\"\" class=\"wp-image-939\" srcset=\"https:\/\/cardiccia-piana.corsica\/wp-content\/uploads\/2023\/07\/IMG_7809-1024x683.jpg 1024w, https:\/\/cardiccia-piana.corsica\/wp-content\/uploads\/2023\/07\/IMG_7809-300x200.jpg 300w, https:\/\/cardiccia-piana.corsica\/wp-content\/uploads\/2023\/07\/IMG_7809-768x512.jpg 768w, https:\/\/cardiccia-piana.corsica\/wp-content\/uploads\/2023\/07\/IMG_7809-1536x1024.jpg 1536w, https:\/\/cardiccia-piana.corsica\/wp-content\/uploads\/2023\/07\/IMG_7809-2048x1365.jpg 2048w\" sizes=\"(max-width: 706px) 89vw, (max-width: 767px) 82vw, 740px\" \/><\/figure>\n\n\n\n<figure class=\"wp-block-image size-large\"><img loading=\"lazy\" decoding=\"async\" width=\"683\" height=\"1024\" data-id=\"912\" src=\"http:\/\/villamadeleine-piana.corsica\/wp-content\/uploads\/2023\/05\/IMG_7795-683x1024.jpg\" alt=\"\" class=\"wp-image-912\" srcset=\"https:\/\/cardiccia-piana.corsica\/wp-content\/uploads\/2023\/05\/IMG_7795-683x1024.jpg 683w, https:\/\/cardiccia-piana.corsica\/wp-content\/uploads\/2023\/05\/IMG_7795-200x300.jpg 200w, https:\/\/cardiccia-piana.corsica\/wp-content\/uploads\/2023\/05\/IMG_7795-768x1152.jpg 768w, https:\/\/cardiccia-piana.corsica\/wp-content\/uploads\/2023\/05\/IMG_7795-1024x1536.jpg 1024w, https:\/\/cardiccia-piana.corsica\/wp-content\/uploads\/2023\/05\/IMG_7795-1365x2048.jpg 1365w, https:\/\/cardiccia-piana.corsica\/wp-content\/uploads\/2023\/05\/IMG_7795-scaled.jpg 1707w\" sizes=\"(max-width: 683px) 100vw, 683px\" \/><\/figure>\n\n\n\n<figure class=\"wp-block-image size-large\"><img loading=\"lazy\" decoding=\"async\" width=\"1024\" height=\"683\" data-id=\"944\" src=\"http:\/\/villamadeleine-piana.corsica\/wp-content\/uploads\/2023\/07\/IMG_7802-1-1024x683.jpg\" alt=\"\" class=\"wp-image-944\" srcset=\"https:\/\/cardiccia-piana.corsica\/wp-content\/uploads\/2023\/07\/IMG_7802-1-1024x683.jpg 1024w, https:\/\/cardiccia-piana.corsica\/wp-content\/uploads\/2023\/07\/IMG_7802-1-300x200.jpg 300w, https:\/\/cardiccia-piana.corsica\/wp-content\/uploads\/2023\/07\/IMG_7802-1-768x512.jpg 768w, https:\/\/cardiccia-piana.corsica\/wp-content\/uploads\/2023\/07\/IMG_7802-1-1536x1024.jpg 1536w, https:\/\/cardiccia-piana.corsica\/wp-content\/uploads\/2023\/07\/IMG_7802-1-2048x1365.jpg 2048w\" sizes=\"(max-width: 706px) 89vw, (max-width: 767px) 82vw, 740px\" \/><\/figure>\n\n\n\n<figure class=\"wp-block-image size-large\"><img loading=\"lazy\" decoding=\"async\" width=\"1024\" height=\"683\" data-id=\"942\" src=\"http:\/\/villamadeleine-piana.corsica\/wp-content\/uploads\/2023\/07\/IMG_7807-1-1024x683.jpg\" alt=\"\" class=\"wp-image-942\" srcset=\"https:\/\/cardiccia-piana.corsica\/wp-content\/uploads\/2023\/07\/IMG_7807-1-1024x683.jpg 1024w, https:\/\/cardiccia-piana.corsica\/wp-content\/uploads\/2023\/07\/IMG_7807-1-300x200.jpg 300w, https:\/\/cardiccia-piana.corsica\/wp-content\/uploads\/2023\/07\/IMG_7807-1-768x512.jpg 768w, https:\/\/cardiccia-piana.corsica\/wp-content\/uploads\/2023\/07\/IMG_7807-1-1536x1024.jpg 1536w, https:\/\/cardiccia-piana.corsica\/wp-content\/uploads\/2023\/07\/IMG_7807-1-2048x1365.jpg 2048w\" sizes=\"(max-width: 706px) 89vw, (max-width: 767px) 82vw, 740px\" \/><\/figure>\n<\/figure>\n\n\n\n<figure class=\"wp-block-gallery has-nested-images columns-default is-cropped wp-block-gallery-2 is-layout-flex wp-block-gallery-is-layout-flex\">\n<figure class=\"wp-block-image size-large is-style-default\"><img loading=\"lazy\" decoding=\"async\" width=\"2560\" height=\"1707\" data-id=\"956\" src=\"http:\/\/villamadeleine-piana.corsica\/wp-content\/uploads\/2023\/07\/salon-T2-1-edited-scaled.jpg\" alt=\"\" class=\"wp-image-956\" srcset=\"https:\/\/cardiccia-piana.corsica\/wp-content\/uploads\/2023\/07\/salon-T2-1-edited-scaled.jpg 2560w, https:\/\/cardiccia-piana.corsica\/wp-content\/uploads\/2023\/07\/salon-T2-1-edited-300x200.jpg 300w, https:\/\/cardiccia-piana.corsica\/wp-content\/uploads\/2023\/07\/salon-T2-1-edited-1024x683.jpg 1024w, https:\/\/cardiccia-piana.corsica\/wp-content\/uploads\/2023\/07\/salon-T2-1-edited-768x512.jpg 768w, https:\/\/cardiccia-piana.corsica\/wp-content\/uploads\/2023\/07\/salon-T2-1-edited-1536x1024.jpg 1536w, https:\/\/cardiccia-piana.corsica\/wp-content\/uploads\/2023\/07\/salon-T2-1-edited-2048x1366.jpg 2048w\" sizes=\"(max-width: 706px) 89vw, (max-width: 767px) 82vw, 740px\" \/><\/figure>\n<\/figure>\n\n\n\n\n\n<p><\/p>\n\n\n\n<p><\/p>\n","protected":false},"excerpt":{"rendered":"<p>Appartement climatis\u00e9. Air-conditioned accommodationAlloggio climatizzato Il est dot\u00e9\u00a0 d&rsquo;une pi\u00e8ce \u00e0 vivre cuisine de 16m\u00b2 &#8211; avec canap\u00e9 clic clac transformable en couchage 2 personnes &#8211; donnant directement sur le jardin privatif. Une\u00a0 chambre de +14m\u00b2 avec lit Queen Size 160X200 et grande\u00a0 armoire avec penderie et \u00e9tag\u00e8res.Une salle d&rsquo;eau avec wc . Climatisation r\u00e9versible. &hellip; <\/p>\n<p class=\"link-more\"><a href=\"https:\/\/cardiccia-piana.corsica\/index.php\/a-cardiccia-2\/\" class=\"more-link\">Continuer la lecture<span class=\"screen-reader-text\"> de &laquo;&nbsp;A Cardiccia T2 ***&nbsp;&raquo;<\/span><\/a><\/p>\n","protected":false},"author":1,"featured_media":0,"parent":0,"menu_order":4,"comment_status":"closed","ping_status":"closed","template":"","meta":{"footnotes":""},"_links":{"self":[{"href":"https:\/\/cardiccia-piana.corsica\/index.php\/wp-json\/wp\/v2\/pages\/41"}],"collection":[{"href":"https:\/\/cardiccia-piana.corsica\/index.php\/wp-json\/wp\/v2\/pages"}],"about":[{"href":"https:\/\/cardiccia-piana.corsica\/index.php\/wp-json\/wp\/v2\/types\/page"}],"author":[{"embeddable":true,"href":"https:\/\/cardiccia-piana.corsica\/index.php\/wp-json\/wp\/v2\/users\/1"}],"replies":[{"embeddable":true,"href":"https:\/\/cardiccia-piana.corsica\/index.php\/wp-json\/wp\/v2\/comments?post=41"}],"version-history":[{"count":42,"href":"https:\/\/cardiccia-piana.corsica\/index.php\/wp-json\/wp\/v2\/pages\/41\/revisions"}],"predecessor-version":[{"id":1330,"href":"https:\/\/cardiccia-piana.corsica\/index.php\/wp-json\/wp\/v2\/pages\/41\/revisions\/1330"}],"wp:attachment":[{"href":"https:\/\/cardiccia-piana.corsica\/index.php\/wp-json\/wp\/v2\/media?parent=41"}],"curies":[{"name":"wp","href":"https:\/\/api.w.org\/{rel}","templated":true}]}}