{"id":538,"date":"2020-01-25T16:44:54","date_gmt":"2020-01-25T15:44:54","guid":{"rendered":"http:\/\/villamadeleine-piana.corsica\/?page_id=538"},"modified":"2025-08-23T15:38:27","modified_gmt":"2025-08-23T13:38:27","slug":"accueil","status":"publish","type":"page","link":"https:\/\/cardiccia-piana.corsica\/","title":{"rendered":"ACCUEIL &#8211; WELCOME &#8211; BENVENUTI"},"content":{"rendered":"\n<p><strong>LOCATIONS SAISONNIERES \u00ab\u00a0A CARDICCIA\u00a0\u00bb<\/strong><\/p>\n\n\n\n<p><strong>SEASONAL RENTALS \u00ab\u00a0A CARDICCIA\u00a0\u00bb<\/strong><\/p>\n\n\n\n<p><strong>AFFITTI STAGIONALI \u00ab\u00a0A CARDICCIA\u00a0\u00bb<\/strong><\/p>\n\n\n\n<p>Les locations (TROIS LOGEMENTS) se trouvent dans une propri\u00e9t\u00e9 enti\u00e8rement cl\u00f4tur\u00e9e, calme et sans vis \u00e0 vis, de 3500m\u00b2, au centre du village de Piana. Voir description d\u00e9taill\u00e9e de chaque logement en cliquant sur les  boutons de couleur plus bas. <\/p>\n\n\n\n<p>The rentals (THREE ACCOMMODATIONS) are in a fully fenced, quiet and not overlooked property of 3500m\u00b2, in the center of the village of Piana. See detailed description of each accommodation by clicking on the colored buttons below.<\/p>\n\n\n\n<p>I tre alloggi si trovano in una zona completamente ristrutturata, tranquilla e con vista di 3500 mq, in una posizione centrale nella regione Piana. Per visualizzare la descrizione dettagliata di ogni alloggio, clicca sui pulsanti colorati qui sotto.<\/p>\n\n\n\n<p class=\"has-text-align-center\"><strong><a class=\"maxbutton-1 maxbutton\" href=\"http:\/\/villamadeleine-piana.corsica\/index.php\/a-cardiccia-3\/\"><span class='mb-text'>T3 A Cardiccia<\/span><\/a><\/strong>     <strong><a class=\"maxbutton-2 maxbutton\" href=\"http:\/\/villamadeleine-piana.corsica\/index.php\/a-cardiccia-bungalow\/\"><span class='mb-text'>PAVILLON A Cardiccia<\/span><\/a><\/strong>     <strong><a class=\"maxbutton-3 maxbutton\" href=\"http:\/\/villamadeleine-piana.corsica\/index.php\/a-cardiccia-2\/\"><span class='mb-text'>T2 A Cardiccia<\/span><\/a><\/strong><\/p>\n\n\n\n<p class=\"has-text-align-center\"><strong>Cliquer ici pour adresse et itin\u00e9raire\/ Click here to find us (address and itinerary) \/ per trovarci :<\/strong><\/p>\n\n\n\n<p class=\"has-text-align-center\"><strong><a class=\"maxbutton-14 maxbutton maxbutton-comment-nous-trouver\" href=\"https:\/\/cardiccia-piana.corsica\/index.php\/comment-nous-trouver-how-to-find-us\/\"><span class='mb-text'>ADRESSE-ITINERAIRE ADDRESS-ITINERARY<\/span><\/a><\/strong><\/p>\n\n\n\n<h1 class=\"wp-block-heading has-text-align-center\"><\/h1>\n\n\n\n<p><\/p>\n\n\n\n<p>Nous sommes heureux de vous accueillir sur notre site de locations saisonni\u00e8res A CARDICCIA.<br>Nous sommes situ\u00e9s dans le village de Piana \u00e0 450m au dessus du golfe de Porto (rive sud) et au centre ouest de la Corse.<\/p>\n\n\n\n<p>Nous restons \u00e0 votre disposition pour r\u00e9pondre \u00e0 vos questions et vous apporter des renseignements que vous ne trouverez pas sur ces pages.<\/p>\n\n\n\n<p>Si vous avez d\u00e9j\u00e0 proc\u00e9d\u00e9 \u00e0 votre r\u00e9servation en ligne \u00e0 l\u2019aide des plate formes touristiques, nous vous invitons \u00e0 consulter les pages concernant les <strong>prestations<\/strong>, l\u2019<strong>adresse <\/strong>et la page correspondant \u00e0 votre choix d\u2019h\u00e9bergement afin de mieux conna\u00eetre votre lieu de vacances et la meilleure mani\u00e8re de vous y rendre.<\/p>\n\n\n\n<p>____________________________________<\/p>\n\n\n\n<pre class=\"wp-block-preformatted\">We are happy to welcome you to our A CARDICCIA seasonal rental site.\nWe are located in the village of Piana, 450m above the Gulf of Porto (south shore) and in the center west of Corsica.<\/pre>\n\n\n\n<pre class=\"wp-block-preformatted\">We remain at your disposal to answer your questions and provide you with information that you will not find on these pages.<br>                         <\/pre>\n\n\n\n<p>If you have already made your reservation online using the tourist platforms, we invite you to consult the pages concerning the services, the address and the page corresponding to your choice of accommodation in order to better know your place of stay. vacation and the best way to get there.<\/p>\n\n\n\n<p>_____________________________________<\/p>\n\n\n\n<p>Siamo lieti di darvi il benvenuto nel nostro sito di affitti stagionali A CARDICCIA.<br>Ci troviamo nel villaggio di Piana, a 450 metri sopra il Golfo di Porto (sponda sud) e nel centro occidentale della Corsica.<\/p>\n\n\n\n<p>Rimaniamo a vostra disposizione per rispondere alle vostre domande e fornirvi informazioni che non troverete in queste pagine.<\/p>\n\n\n\n<p>Se hai gi\u00e0 effettuato la prenotazione online utilizzando le piattaforme turistiche, ti invitiamo a consultare le pagine relative ai servizi, l\u2019indirizzo e la pagina corrispondente all\u2019alloggio da te scelto per conoscere meglio il luogo delle tue vacanze e il modo migliore per arrivarci.<\/p>\n\n\n\n<p><\/p>\n\n\n\n<p><strong>Voici quelques liens utiles:<\/strong><\/p>\n\n\n\n<ul>\n<li><a href=\"http:\/\/www.piana.fr\/le-village.html\">http:\/\/www.piana.fr\/le-village.html<\/a><\/li>\n\n\n\n<li><a href=\"https:\/\/www.ouestcorsica.com\/\">https:\/\/www.ouestcorsica.com\/<\/a><\/li>\n\n\n\n<li><a href=\"https:\/\/fr.wikipedia.org\/wiki\/Piana\">https:\/\/fr.wikipedia.org\/wiki\/Piana<\/a><\/li>\n<\/ul>\n\n\n\n<figure class=\"wp-block-image\"><img loading=\"lazy\" decoding=\"async\" width=\"1024\" height=\"1024\" src=\"http:\/\/villamadeleine-piana.corsica\/wp-content\/uploads\/2025\/03\/Digital-Award-TRA-2025-1024x1024.png\" alt=\"\" class=\"wp-image-1188\" srcset=\"https:\/\/cardiccia-piana.corsica\/wp-content\/uploads\/2025\/03\/Digital-Award-TRA-2025-1024x1024.png 1024w, https:\/\/cardiccia-piana.corsica\/wp-content\/uploads\/2025\/03\/Digital-Award-TRA-2025-300x300.png 300w, https:\/\/cardiccia-piana.corsica\/wp-content\/uploads\/2025\/03\/Digital-Award-TRA-2025-150x150.png 150w, https:\/\/cardiccia-piana.corsica\/wp-content\/uploads\/2025\/03\/Digital-Award-TRA-2025-768x768.png 768w, https:\/\/cardiccia-piana.corsica\/wp-content\/uploads\/2025\/03\/Digital-Award-TRA-2025-100x100.png 100w, https:\/\/cardiccia-piana.corsica\/wp-content\/uploads\/2025\/03\/Digital-Award-TRA-2025.png 1080w\" sizes=\"(max-width: 706px) 89vw, (max-width: 767px) 82vw, 740px\" \/><\/figure>\n\n\n\n<figure class=\"wp-block-image size-full\"><img loading=\"lazy\" decoding=\"async\" width=\"1024\" height=\"768\" src=\"https:\/\/cardiccia-piana.corsica\/wp-content\/uploads\/2024\/01\/IMG-20231228-WA0012.jpg\" alt=\"\" class=\"wp-image-1078\" srcset=\"https:\/\/cardiccia-piana.corsica\/wp-content\/uploads\/2024\/01\/IMG-20231228-WA0012.jpg 1024w, https:\/\/cardiccia-piana.corsica\/wp-content\/uploads\/2024\/01\/IMG-20231228-WA0012-300x225.jpg 300w, https:\/\/cardiccia-piana.corsica\/wp-content\/uploads\/2024\/01\/IMG-20231228-WA0012-768x576.jpg 768w\" sizes=\"(max-width: 706px) 89vw, (max-width: 767px) 82vw, 740px\" \/><\/figure>\n\n\n\n<figure class=\"wp-block-image size-full\"><img loading=\"lazy\" decoding=\"async\" width=\"1024\" height=\"768\" src=\"https:\/\/cardiccia-piana.corsica\/wp-content\/uploads\/2024\/01\/IMG-20231228-WA0010.jpg\" alt=\"\" class=\"wp-image-1077\" srcset=\"https:\/\/cardiccia-piana.corsica\/wp-content\/uploads\/2024\/01\/IMG-20231228-WA0010.jpg 1024w, https:\/\/cardiccia-piana.corsica\/wp-content\/uploads\/2024\/01\/IMG-20231228-WA0010-300x225.jpg 300w, https:\/\/cardiccia-piana.corsica\/wp-content\/uploads\/2024\/01\/IMG-20231228-WA0010-768x576.jpg 768w\" sizes=\"(max-width: 706px) 89vw, (max-width: 767px) 82vw, 740px\" \/><\/figure>\n","protected":false},"excerpt":{"rendered":"<p>LOCATIONS SAISONNIERES \u00ab\u00a0A CARDICCIA\u00a0\u00bb SEASONAL RENTALS \u00ab\u00a0A CARDICCIA\u00a0\u00bb AFFITTI STAGIONALI \u00ab\u00a0A CARDICCIA\u00a0\u00bb Les locations (TROIS LOGEMENTS) se trouvent dans une propri\u00e9t\u00e9 enti\u00e8rement cl\u00f4tur\u00e9e, calme et sans vis \u00e0 vis, de 3500m\u00b2, au centre du village de Piana. Voir description d\u00e9taill\u00e9e de chaque logement en cliquant sur les boutons de couleur plus bas. The rentals (THREE &hellip; <\/p>\n<p class=\"link-more\"><a href=\"https:\/\/cardiccia-piana.corsica\/\" class=\"more-link\">Continuer la lecture<span class=\"screen-reader-text\"> de &laquo;&nbsp;ACCUEIL &#8211; WELCOME &#8211; BENVENUTI&nbsp;&raquo;<\/span><\/a><\/p>\n","protected":false},"author":1,"featured_media":0,"parent":0,"menu_order":0,"comment_status":"closed","ping_status":"closed","template":"","meta":{"footnotes":""},"_links":{"self":[{"href":"https:\/\/cardiccia-piana.corsica\/index.php\/wp-json\/wp\/v2\/pages\/538"}],"collection":[{"href":"https:\/\/cardiccia-piana.corsica\/index.php\/wp-json\/wp\/v2\/pages"}],"about":[{"href":"https:\/\/cardiccia-piana.corsica\/index.php\/wp-json\/wp\/v2\/types\/page"}],"author":[{"embeddable":true,"href":"https:\/\/cardiccia-piana.corsica\/index.php\/wp-json\/wp\/v2\/users\/1"}],"replies":[{"embeddable":true,"href":"https:\/\/cardiccia-piana.corsica\/index.php\/wp-json\/wp\/v2\/comments?post=538"}],"version-history":[{"count":15,"href":"https:\/\/cardiccia-piana.corsica\/index.php\/wp-json\/wp\/v2\/pages\/538\/revisions"}],"predecessor-version":[{"id":1265,"href":"https:\/\/cardiccia-piana.corsica\/index.php\/wp-json\/wp\/v2\/pages\/538\/revisions\/1265"}],"wp:attachment":[{"href":"https:\/\/cardiccia-piana.corsica\/index.php\/wp-json\/wp\/v2\/media?parent=538"}],"curies":[{"name":"wp","href":"https:\/\/api.w.org\/{rel}","templated":true}]}}